{"id":81,"date":"2017-04-02T14:18:01","date_gmt":"2017-04-02T14:18:01","guid":{"rendered":"https:\/\/apartmentslosinj.com\/?page_id=81"},"modified":"2017-04-02T14:59:09","modified_gmt":"2017-04-02T14:59:09","slug":"proposito-di-artatore","status":"publish","type":"page","link":"https:\/\/apartmentslosinj.com\/hr\/proposito-di-artatore\/","title":{"rendered":"Artatore"},"content":{"rendered":"<p><img loading=\"lazy\" decoding=\"async\" class=\"alignnone size-full wp-image-373\" src=\"https:\/\/apartmentslosinj.com\/wp-content\/uploads\/2017\/04\/artatore.jpg\" alt=\"\" width=\"920\" height=\"269\" srcset=\"https:\/\/apartmentslosinj.com\/wp-content\/uploads\/2017\/04\/artatore.jpg 920w, https:\/\/apartmentslosinj.com\/wp-content\/uploads\/2017\/04\/artatore-300x88.jpg 300w, https:\/\/apartmentslosinj.com\/wp-content\/uploads\/2017\/04\/artatore-768x225.jpg 768w, https:\/\/apartmentslosinj.com\/wp-content\/uploads\/2017\/04\/artatore-599x175.jpg 599w\" sizes=\"auto, (max-width: 920px) 100vw, 920px\" \/><\/p>\n<p><strong>Uvala Artatore<\/strong> nalazi se u istoimenom naselju Artatore, smje\u0161tenom cca 4 km od centra Malog Lo\u0161inja.<\/p>\n<p>Uvala Artatore se sastoji od nekoliko pla\u017ea, glavna pla\u017ea nalazi se u samom mjestu Artatore, u sjeni borove \u0161ume i opremljena je s tu\u0161evima, kabinama za presvla\u010denje i sanitarnim prostorom. Pla\u017ee su kamenite sa \u0161ljun\u010danim \u017ealovima pogodne za djecu, a uz pla\u017eu prolazi lungomare staza.<\/p>\n<p>Za sve koji dolaze izvana s automobilima, na ulazu u mjestu je veliko parkirali\u0161te, a oni koji \u017eele provesti svoj odmor, u Artatorama mogu prona\u0107i smje\u0161taj kod na\u0161ih ljubaznih doma\u0107ina.<\/p>\n<p>U mjestu postoje tri ugostiteljska objekta, gdje se mo\u017eete okrijepiti i ku\u0161ati lo\u0161injsku kuhinju i du\u0107an.<\/p>","protected":false},"excerpt":{"rendered":"<p>Uvala Artatore nalazi se u istoimenom naselju Artatore, smje\u0161tenom cca 4 km od centra Malog Lo\u0161inja. Uvala Artatore se sastoji od nekoliko pla\u017ea, glavna pla\u017ea nalazi se u samom mjestu Artatore, u sjeni borove \u0161ume i opremljena je s tu\u0161evima, kabinama za presvla\u010denje i sanitarnim prostorom. Pla\u017ee su kamenite sa [&hellip;]<\/p>\n","protected":false},"author":1,"featured_media":0,"parent":0,"menu_order":0,"comment_status":"closed","ping_status":"closed","template":"template-full-width.php","meta":{"footnotes":""},"class_list":["post-81","page","type-page","status-publish","hentry"],"_links":{"self":[{"href":"https:\/\/apartmentslosinj.com\/hr\/wp-json\/wp\/v2\/pages\/81","targetHints":{"allow":["GET"]}}],"collection":[{"href":"https:\/\/apartmentslosinj.com\/hr\/wp-json\/wp\/v2\/pages"}],"about":[{"href":"https:\/\/apartmentslosinj.com\/hr\/wp-json\/wp\/v2\/types\/page"}],"author":[{"embeddable":true,"href":"https:\/\/apartmentslosinj.com\/hr\/wp-json\/wp\/v2\/users\/1"}],"replies":[{"embeddable":true,"href":"https:\/\/apartmentslosinj.com\/hr\/wp-json\/wp\/v2\/comments?post=81"}],"version-history":[{"count":4,"href":"https:\/\/apartmentslosinj.com\/hr\/wp-json\/wp\/v2\/pages\/81\/revisions"}],"predecessor-version":[{"id":376,"href":"https:\/\/apartmentslosinj.com\/hr\/wp-json\/wp\/v2\/pages\/81\/revisions\/376"}],"wp:attachment":[{"href":"https:\/\/apartmentslosinj.com\/hr\/wp-json\/wp\/v2\/media?parent=81"}],"curies":[{"name":"wp","href":"https:\/\/api.w.org\/{rel}","templated":true}]}}