{"id":48,"date":"2017-04-02T13:57:43","date_gmt":"2017-04-02T13:57:43","guid":{"rendered":"https:\/\/apartmentslosinj.com\/?page_id=48"},"modified":"2017-04-02T14:00:15","modified_gmt":"2017-04-02T14:00:15","slug":"contact","status":"publish","type":"page","link":"https:\/\/apartmentslosinj.com\/hr\/contact\/","title":{"rendered":"Kontakt"},"content":{"rendered":"<p style=\"text-align: center;\">Bogdan \u0160oli\u0107<br \/>\nArtatore 21, 51564 \u0106unski<br \/>\ne-mail: <a href=\"mailto:solic@apartmentslosinj.com\">solic@apartmentslosinj.com<\/a><br \/>\ntel. &nbsp;&nbsp;&nbsp;+38551\/231-014<br \/>\nmob. +38598\/976 64-73<\/p>\n","protected":false},"excerpt":{"rendered":"<p>Bogdan \u0160oli\u0107 Artatore 21, 51564 \u0106unski e-mail: solic@apartmentslosinj.com tel. &nbsp;&nbsp;&nbsp;+38551\/231-014 mob. +38598\/976 64-73<\/p>\n","protected":false},"author":1,"featured_media":0,"parent":0,"menu_order":0,"comment_status":"closed","ping_status":"closed","template":"","meta":{"footnotes":""},"class_list":["post-48","page","type-page","status-publish","hentry"],"_links":{"self":[{"href":"https:\/\/apartmentslosinj.com\/hr\/wp-json\/wp\/v2\/pages\/48","targetHints":{"allow":["GET"]}}],"collection":[{"href":"https:\/\/apartmentslosinj.com\/hr\/wp-json\/wp\/v2\/pages"}],"about":[{"href":"https:\/\/apartmentslosinj.com\/hr\/wp-json\/wp\/v2\/types\/page"}],"author":[{"embeddable":true,"href":"https:\/\/apartmentslosinj.com\/hr\/wp-json\/wp\/v2\/users\/1"}],"replies":[{"embeddable":true,"href":"https:\/\/apartmentslosinj.com\/hr\/wp-json\/wp\/v2\/comments?post=48"}],"version-history":[{"count":2,"href":"https:\/\/apartmentslosinj.com\/hr\/wp-json\/wp\/v2\/pages\/48\/revisions"}],"predecessor-version":[{"id":50,"href":"https:\/\/apartmentslosinj.com\/hr\/wp-json\/wp\/v2\/pages\/48\/revisions\/50"}],"wp:attachment":[{"href":"https:\/\/apartmentslosinj.com\/hr\/wp-json\/wp\/v2\/media?parent=48"}],"curies":[{"name":"wp","href":"https:\/\/api.w.org\/{rel}","templated":true}]}}