{"id":81,"date":"2017-04-02T14:18:01","date_gmt":"2017-04-02T14:18:01","guid":{"rendered":"https:\/\/apartmentslosinj.com\/?page_id=81"},"modified":"2017-04-02T14:59:09","modified_gmt":"2017-04-02T14:59:09","slug":"proposito-di-artatore","status":"publish","type":"page","link":"https:\/\/apartmentslosinj.com\/de\/proposito-di-artatore\/","title":{"rendered":"\u00dcber Artatore"},"content":{"rendered":"<p><img loading=\"lazy\" decoding=\"async\" class=\"alignnone size-full wp-image-373\" src=\"https:\/\/apartmentslosinj.com\/wp-content\/uploads\/2017\/04\/artatore.jpg\" alt=\"\" width=\"920\" height=\"269\" srcset=\"https:\/\/apartmentslosinj.com\/wp-content\/uploads\/2017\/04\/artatore.jpg 920w, https:\/\/apartmentslosinj.com\/wp-content\/uploads\/2017\/04\/artatore-300x88.jpg 300w, https:\/\/apartmentslosinj.com\/wp-content\/uploads\/2017\/04\/artatore-768x225.jpg 768w, https:\/\/apartmentslosinj.com\/wp-content\/uploads\/2017\/04\/artatore-599x175.jpg 599w\" sizes=\"auto, (max-width: 920px) 100vw, 920px\" \/><\/p>\n<p>Artatore &#8211; eine gute Wahl f\u00fcr Ihren Urlaub in Kroatien<\/p>\n<p>Artatore befindet sich in der Bucht, im S\u00fcden von der Insel Losinj, etwa 8 km vom St\u00e4dtchen Mali Losinj entfernt. Diese ist eine der sch\u00f6nsten Gegenden der Insel, ber\u00fchmt f\u00fcr ihr dichtes Pinienwald, \u00fcppige Vegetation, frische Luft und kristallklares Wasser.<\/p>\n<p>Die Siedlung Artatore gibt es erst seit ungef\u00e4hr 30 Jahren. Sie war als Siedlung von Wochenendh\u00e4usern und Bungalows gedacht. Heute sehen die meisten dieser H\u00e4user aus wie klein Villen. Die meisten sind nur im Sommer bewohnt. Seit den letzten paar Jahren leben aber auch ein paar Familien das ganze Jahr \u00fcber in Artatore. Am Sch\u00f6nsten ist es allerdings im Sommer, wenn wieder Leben in die H\u00e4user einkehrt und sich auch die Vegetation von ihrer sch\u00f6nsten Seite zeigt.<\/p>\n<p>Artatore ist auch ein begehrter Ankerplatz f\u00fcr Boote und Yachten. Die Bucht ist relativ gut gesch\u00fctzt. Im Dorf werden auch viele Apartments und Zimmer angeboten, um zu \u00fcbernachten. Es gibt auch einige Restaurants.<\/p>","protected":false},"excerpt":{"rendered":"<p>Artatore &#8211; eine gute Wahl f\u00fcr Ihren Urlaub in Kroatien Artatore befindet sich in der Bucht, im S\u00fcden von der Insel Losinj, etwa 8 km vom St\u00e4dtchen Mali Losinj entfernt. Diese ist eine der sch\u00f6nsten Gegenden der Insel, ber\u00fchmt f\u00fcr ihr dichtes Pinienwald, \u00fcppige Vegetation, frische Luft und kristallklares Wasser. [&hellip;]<\/p>\n","protected":false},"author":1,"featured_media":0,"parent":0,"menu_order":0,"comment_status":"closed","ping_status":"closed","template":"template-full-width.php","meta":{"footnotes":""},"class_list":["post-81","page","type-page","status-publish","hentry"],"_links":{"self":[{"href":"https:\/\/apartmentslosinj.com\/de\/wp-json\/wp\/v2\/pages\/81","targetHints":{"allow":["GET"]}}],"collection":[{"href":"https:\/\/apartmentslosinj.com\/de\/wp-json\/wp\/v2\/pages"}],"about":[{"href":"https:\/\/apartmentslosinj.com\/de\/wp-json\/wp\/v2\/types\/page"}],"author":[{"embeddable":true,"href":"https:\/\/apartmentslosinj.com\/de\/wp-json\/wp\/v2\/users\/1"}],"replies":[{"embeddable":true,"href":"https:\/\/apartmentslosinj.com\/de\/wp-json\/wp\/v2\/comments?post=81"}],"version-history":[{"count":4,"href":"https:\/\/apartmentslosinj.com\/de\/wp-json\/wp\/v2\/pages\/81\/revisions"}],"predecessor-version":[{"id":376,"href":"https:\/\/apartmentslosinj.com\/de\/wp-json\/wp\/v2\/pages\/81\/revisions\/376"}],"wp:attachment":[{"href":"https:\/\/apartmentslosinj.com\/de\/wp-json\/wp\/v2\/media?parent=81"}],"curies":[{"name":"wp","href":"https:\/\/api.w.org\/{rel}","templated":true}]}}